{"id":132094,"date":"2026-02-22T10:49:29","date_gmt":"2026-02-22T09:49:29","guid":{"rendered":"https:\/\/vr3d.cz\/?page_id=132094"},"modified":"2026-02-24T12:08:14","modified_gmt":"2026-02-24T11:08:14","slug":"blog","status":"publish","type":"page","link":"https:\/\/vr3d.cz\/en\/blog\/","title":{"rendered":"Blog"},"content":{"rendered":"<div data-elementor-type=\"wp-page\" data-elementor-id=\"132094\" class=\"elementor elementor-132094\" data-elementor-settings=\"{&quot;ha_cmc_init_switcher&quot;:&quot;no&quot;}\" data-elementor-post-type=\"page\">\n\t\t\t\t\t\t<section class=\"elementor-section elementor-top-section elementor-element elementor-element-ab57520 elementor-section-boxed elementor-section-height-default elementor-section-height-default\" data-id=\"ab57520\" data-element_type=\"section\" data-e-type=\"section\" data-settings=\"{&quot;_ha_eqh_enable&quot;:false}\">\n\t\t\t\t\t\t<div class=\"elementor-container elementor-column-gap-default\">\n\t\t\t\t\t<div class=\"elementor-column elementor-col-100 elementor-top-column elementor-element elementor-element-1ec232c\" data-id=\"1ec232c\" data-element_type=\"column\" data-e-type=\"column\">\n\t\t\t<div class=\"elementor-widget-wrap elementor-element-populated\">\n\t\t\t\t\t\t<div class=\"elementor-element elementor-element-91c90db elementor-widget elementor-widget-heading\" data-id=\"91c90db\" data-element_type=\"widget\" data-e-type=\"widget\" data-widget_type=\"heading.default\">\n\t\t\t\t<div class=\"elementor-widget-container\">\n\t\t\t\t\t<h1 class=\"elementor-heading-title elementor-size-default\"><b>Blog<\/b><\/h1>\t\t\t\t<\/div>\n\t\t\t\t<\/div>\n\t\t\t\t<div class=\"elementor-element elementor-element-6d258e2 elementor-grid-1 elementor-grid-tablet-1 elementor-posts--align-left elementor-grid-mobile-1 elementor-posts--thumbnail-top elementor-widget elementor-widget-posts\" data-id=\"6d258e2\" data-element_type=\"widget\" data-e-type=\"widget\" data-settings=\"{&quot;classic_columns&quot;:&quot;1&quot;,&quot;classic_columns_tablet&quot;:&quot;1&quot;,&quot;pagination_type&quot;:&quot;load_more_infinite_scroll&quot;,&quot;classic_columns_mobile&quot;:&quot;1&quot;,&quot;classic_row_gap&quot;:{&quot;unit&quot;:&quot;px&quot;,&quot;size&quot;:35,&quot;sizes&quot;:[]},&quot;classic_row_gap_tablet&quot;:{&quot;unit&quot;:&quot;px&quot;,&quot;size&quot;:&quot;&quot;,&quot;sizes&quot;:[]},&quot;classic_row_gap_mobile&quot;:{&quot;unit&quot;:&quot;px&quot;,&quot;size&quot;:&quot;&quot;,&quot;sizes&quot;:[]},&quot;load_more_spinner&quot;:{&quot;value&quot;:&quot;fas fa-spinner&quot;,&quot;library&quot;:&quot;fa-solid&quot;}}\" data-widget_type=\"posts.classic\">\n\t\t\t\t<div class=\"elementor-widget-container\">\n\t\t\t\t\t\t\t<div class=\"elementor-posts-container elementor-posts elementor-posts--skin-classic elementor-grid\" role=\"list\">\n\t\t\t\t<article class=\"elementor-post elementor-grid-item post-131590 post type-post status-publish format-standard hentry category-clanky\" role=\"listitem\">\n\t\t\t\t<div class=\"elementor-post__text\">\n\t\t\t\t<h3 class=\"elementor-post__title\">\n\t\t\t<a href=\"https:\/\/vr3d.cz\/en\/blog\/clanky\/kolik-stoji-vyvoj-vr-aplikace-pruvodce-cenotvorbou\/\">\n\t\t\t\tHow much does it cost to develop a VR app? Pricing Guide\t\t\t<\/a>\n\t\t<\/h3>\n\t\t\t\t<div class=\"elementor-post__meta-data\">\n\t\t\t\t\t<span class=\"elementor-post-author\">\n\t\t\tLibor T\u011blupil\t\t<\/span>\n\t\t\t\t<span class=\"elementor-post-date\">\n\t\t\t19.2.2026\t\t<\/span>\n\t\t\t\t<\/div>\n\t\t\t\t<div class=\"elementor-post__excerpt\">\n\t\t\t<p>How much does it cost to develop a VR app? A guide to pricing No fogging \u201eAnd how much will it cost roughly?\u201c That's the first question at every meeting we have. Most development studios will answer evasively, \u201eThat depends...\u201c At VR3D.cz, we play with open cards. Yes, the price always depends on the scope, but to give you an idea of the return on investment (ROI), we've prepared a transparent guide to VR development prices on the Czech B2B market. Rough pricing sessions. Based on our experience and market standards for professional development in Unreal Engine 5, we can divide projects into three categories.<\/p>\n\t\t<\/div>\n\t\t\n\t\t<a class=\"elementor-post__read-more\" href=\"https:\/\/vr3d.cz\/en\/blog\/clanky\/kolik-stoji-vyvoj-vr-aplikace-pruvodce-cenotvorbou\/\" aria-label=\"Read more about Kolik stoj\u00ed v\u00fdvoj VR aplikace? Pr\u016fvodce cenotvorbou\" tabindex=\"-1\">\n\t\t\tRead more \u00bb\t\t<\/a>\n\n\t\t\t\t<\/div>\n\t\t\t\t<\/article>\n\t\t\t\t<article class=\"elementor-post elementor-grid-item post-130703 post type-post status-publish format-standard hentry category-clanky\" role=\"listitem\">\n\t\t\t\t<div class=\"elementor-post__text\">\n\t\t\t\t<h3 class=\"elementor-post__title\">\n\t\t\t<a href=\"https:\/\/vr3d.cz\/en\/blog\/clanky\/virtualni-showroom-jak-prodavat-produkty-ktere-jeste-neexistuji\/\">\n\t\t\t\tVirtual showroom: How to sell products that don't exist yet\t\t\t<\/a>\n\t\t<\/h3>\n\t\t\t\t<div class=\"elementor-post__meta-data\">\n\t\t\t\t\t<span class=\"elementor-post-author\">\n\t\t\tLibor T\u011blupil\t\t<\/span>\n\t\t\t\t<span class=\"elementor-post-date\">\n\t\t\t13.2.2026\t\t<\/span>\n\t\t\t\t<\/div>\n\t\t\t\t<div class=\"elementor-post__excerpt\">\n\t\t\t<p>Virtual showroom: How to sell products that don't exist yet (and save millions on logistics) Imagine you're going to a trade show in Dubai. Instead of two trucks with heavy equipment and a week of booth construction, you just bring your carry-on luggage. In it, you have a pair of Meta Quest 3 glasses. Your entire portfolio, including products that won't go into production for six months. Welcome to the world of virtual showrooms. Sell a vision, not just a prototype The biggest pain point in B2B sales is physical availability. The customer wants to see the product, but you only have CAD drawings or one expensive prototype that's just on the other side of the world. At VR3D.cz, this problem<\/p>\n\t\t<\/div>\n\t\t\n\t\t<a class=\"elementor-post__read-more\" href=\"https:\/\/vr3d.cz\/en\/blog\/clanky\/virtualni-showroom-jak-prodavat-produkty-ktere-jeste-neexistuji\/\" aria-label=\"Read more about Virtu\u00e1ln\u00ed showroom: Jak prod\u00e1vat produkty, kter\u00e9 je\u0161t\u011b neexistuj\u00ed\" tabindex=\"-1\">\n\t\t\tRead more \u00bb\t\t<\/a>\n\n\t\t\t\t<\/div>\n\t\t\t\t<\/article>\n\t\t\t\t<article class=\"elementor-post elementor-grid-item post-131067 post type-post status-publish format-standard hentry category-clanky\" role=\"listitem\">\n\t\t\t\t<div class=\"elementor-post__text\">\n\t\t\t\t<h3 class=\"elementor-post__title\">\n\t\t\t<a href=\"https:\/\/vr3d.cz\/en\/blog\/clanky\/mixed-reality-mr-na-vzestupu-budoucnost-skoleni-s-meta-quest-3\/\">\n\t\t\t\tMixed Reality (MR) on the rise: the future of training with Meta Quest 3\t\t\t<\/a>\n\t\t<\/h3>\n\t\t\t\t<div class=\"elementor-post__meta-data\">\n\t\t\t\t\t<span class=\"elementor-post-author\">\n\t\t\tLibor T\u011blupil\t\t<\/span>\n\t\t\t\t<span class=\"elementor-post-date\">\n\t\t\t15.1.2026\t\t<\/span>\n\t\t\t\t<\/div>\n\t\t\t\t<div class=\"elementor-post__excerpt\">\n\t\t\t<p>Mixed Reality (MR) on the rise: the future of training with Meta Quest 3 (when you need to see your hands) Virtual Reality (VR) is amazing when you want to transport people to another world. But what if you need to teach him to work with a real machine in front of him? What if he needs to see his colleagues or pick up a real screwdriver? The answer is Mixed Reality. A technology that, thanks to Meta Quest 3, has gone from being science fiction to an affordable standard. The end of blindness.<\/p>\n\t\t<\/div>\n\t\t\n\t\t<a class=\"elementor-post__read-more\" href=\"https:\/\/vr3d.cz\/en\/blog\/clanky\/mixed-reality-mr-na-vzestupu-budoucnost-skoleni-s-meta-quest-3\/\" aria-label=\"Read more about Mixed Reality (MR) na vzestupu: Budoucnost \u0161kolen\u00ed s Meta Quest 3\" tabindex=\"-1\">\n\t\t\tRead more \u00bb\t\t<\/a>\n\n\t\t\t\t<\/div>\n\t\t\t\t<\/article>\n\t\t\t\t<article class=\"elementor-post elementor-grid-item post-130670 post type-post status-publish format-standard hentry category-clanky\" role=\"listitem\">\n\t\t\t\t<div class=\"elementor-post__text\">\n\t\t\t\t<h3 class=\"elementor-post__title\">\n\t\t\t<a href=\"https:\/\/vr3d.cz\/en\/blog\/clanky\/360-video-vs-real-time-vr-proc-na-interakci-zalezi-a-proc-nestaci-se-jen-divat\/\">\n\t\t\t\t360\u00b0 video vs. Real-time VR: Why interaction matters (and why it's not enough to just watch)\t\t\t<\/a>\n\t\t<\/h3>\n\t\t\t\t<div class=\"elementor-post__meta-data\">\n\t\t\t\t\t<span class=\"elementor-post-author\">\n\t\t\tLibor T\u011blupil\t\t<\/span>\n\t\t\t\t<span class=\"elementor-post-date\">\n\t\t\t11.11.2025\t\t<\/span>\n\t\t\t\t<\/div>\n\t\t\t\t<div class=\"elementor-post__excerpt\">\n\t\t\t<p>360\u00b0 video vs. Real-time VR: Why interaction matters (and why it's not enough to just watch) Many clients come with a demand: \u201eWe want VR training, film it for us on a 360\u00b0 camera.\u201c And we ask: \u201eDo you want employees to just watch, or do you want them to actually learn?\u201c The difference between 360\u00b0 video and full-fledged Real-Time Virtual Reality is abysmal. Learn why interaction and freedom of movement are key to effectiveness. Passive Viewer vs. Active Participant To understand the difference, we need to explain the two basic concepts that define the virtual reality experience: 3DOF and 6DOF.<\/p>\n\t\t<\/div>\n\t\t\n\t\t<a class=\"elementor-post__read-more\" href=\"https:\/\/vr3d.cz\/en\/blog\/clanky\/360-video-vs-real-time-vr-proc-na-interakci-zalezi-a-proc-nestaci-se-jen-divat\/\" aria-label=\"Read more about 360\u00b0 video vs. Real-time VR: Pro\u010d na interakci z\u00e1le\u017e\u00ed (a pro\u010d nesta\u010d\u00ed se jen d\u00edvat)\" tabindex=\"-1\">\n\t\t\tRead more \u00bb\t\t<\/a>\n\n\t\t\t\t<\/div>\n\t\t\t\t<\/article>\n\t\t\t\t<article class=\"elementor-post elementor-grid-item post-130578 post type-post status-publish format-standard hentry category-clanky\" role=\"listitem\">\n\t\t\t\t<div class=\"elementor-post__text\">\n\t\t\t\t<h3 class=\"elementor-post__title\">\n\t\t\t<a href=\"https:\/\/vr3d.cz\/en\/blog\/clanky\/fotorealismus-ve-vr-na-meta-quest-3\/\">\n\t\t\t\tPhotorealism in VR on Meta Quest 3\t\t\t<\/a>\n\t\t<\/h3>\n\t\t\t\t<div class=\"elementor-post__meta-data\">\n\t\t\t\t\t<span class=\"elementor-post-author\">\n\t\t\tLibor T\u011blupil\t\t<\/span>\n\t\t\t\t<span class=\"elementor-post-date\">\n\t\t\t11.8.2025\t\t<\/span>\n\t\t\t\t<\/div>\n\t\t\t\t<div class=\"elementor-post__excerpt\">\n\t\t\t<p>Photorealism in VR at Meta Quest 3 Why spend our days modelling when we can digitise reality? Most VR applications suffer from the \u201eplastic effect\u201c. The environments look sterile, artificial and unconvincing. At VR3D.cz we take a different path. Instead of replicating reality in a complex way, we directly transfer it into digital space. See how the combination of cutting-edge 3D scanning and optimization for Unreal Engine 5 is changing the game. The problem: Reality is full of imperfections When a 3D graphic artist models a brick wall from scratch, the result is often too perfect. The bricks are the same, the joints are straight. To make the wall look real, the graphic designer has to spend hours creating cracks, moss stains and chips. It's called \u201eenvironmental<\/p>\n\t\t<\/div>\n\t\t\n\t\t<a class=\"elementor-post__read-more\" href=\"https:\/\/vr3d.cz\/en\/blog\/clanky\/fotorealismus-ve-vr-na-meta-quest-3\/\" aria-label=\"Read more about Fotorealismus ve VR na Meta Quest 3\" tabindex=\"-1\">\n\t\t\tRead more \u00bb\t\t<\/a>\n\n\t\t\t\t<\/div>\n\t\t\t\t<\/article>\n\t\t\t\t<article class=\"elementor-post elementor-grid-item post-130541 post type-post status-publish format-standard hentry category-clanky\" role=\"listitem\">\n\t\t\t\t<div class=\"elementor-post__text\">\n\t\t\t\t<h3 class=\"elementor-post__title\">\n\t\t\t<a href=\"https:\/\/vr3d.cz\/en\/blog\/clanky\/proc-investovat-do-vr-rec-cisel\/\">\n\t\t\t\tWhy invest in VR? The language of numbers\t\t\t<\/a>\n\t\t<\/h3>\n\t\t\t\t<div class=\"elementor-post__meta-data\">\n\t\t\t\t\t<span class=\"elementor-post-author\">\n\t\t\tLibor T\u011blupil\t\t<\/span>\n\t\t\t\t<span class=\"elementor-post-date\">\n\t\t\t12.2.2025\t\t<\/span>\n\t\t\t\t<\/div>\n\t\t\t\t<div class=\"elementor-post__excerpt\">\n\t\t\t<p>Why invest in VR? Talking Numbers Virtual Reality is not science fiction, but a tool to increase profits and efficiency Virtual Reality (VR) has long struggled with the \u201egamer toy\u201c label. But those days are long gone. Today, with the advent of photorealistic graphics in Unreal Engine 5 and affordable hardware (like Meta Quest 3), VR is becoming a key tool for Business Intelligence. At VR3D.cz, we don't just create graphics. We create tools that save money, time and lives. If you're skeptical of \u201emarketing speak\u201c, take a look at what independent data and global studies say. The Human Capital Factor: Speed and Confidence Traditional training (classroom or e-learning) has one<\/p>\n\t\t<\/div>\n\t\t\n\t\t<a class=\"elementor-post__read-more\" href=\"https:\/\/vr3d.cz\/en\/blog\/clanky\/proc-investovat-do-vr-rec-cisel\/\" aria-label=\"Read more about Pro\u010d investovat do VR? \u0158e\u010d \u010d\u00edsel\" tabindex=\"-1\">\n\t\t\tRead more \u00bb\t\t<\/a>\n\n\t\t\t\t<\/div>\n\t\t\t\t<\/article>\n\t\t\t\t<article class=\"elementor-post elementor-grid-item post-130592 post type-post status-publish format-standard hentry category-clanky\" role=\"listitem\">\n\t\t\t\t<div class=\"elementor-post__text\">\n\t\t\t\t<h3 class=\"elementor-post__title\">\n\t\t\t<a href=\"https:\/\/vr3d.cz\/en\/blog\/clanky\/digitalizace-kulturniho-dedictvi\/\">\n\t\t\t\tDigitization of cultural heritage\t\t\t<\/a>\n\t\t<\/h3>\n\t\t\t\t<div class=\"elementor-post__meta-data\">\n\t\t\t\t\t<span class=\"elementor-post-author\">\n\t\t\tLibor T\u011blupil\t\t<\/span>\n\t\t\t\t<span class=\"elementor-post-date\">\n\t\t\t20.5.2024\t\t<\/span>\n\t\t\t\t<\/div>\n\t\t\t\t<div class=\"elementor-post__excerpt\">\n\t\t\t<p>Digitising cultural heritage How we bring castles and museums into the living room (and why a 360\u00b0 photo is not enough) Historical monuments face the ravages of time, fires and tourist wear and tear. How can we preserve them for future generations in a perfectly faithful form? At VR3D.cz, we create digital twins of monuments that serve a dual purpose: as millimetre-accurate documentation for conservationists and as a breathtaking experience for tourists. The end of \u201ebubble\u201c tours When you say \u201evirtual tour\u201c, most people think of a series of superimposed 360\u00b0 photos (ala Google Street View). You stand in place, you can turn around, but you can't move a step sideways. You can't look around the corner. You can't perceive the depth<\/p>\n\t\t<\/div>\n\t\t\n\t\t<a class=\"elementor-post__read-more\" href=\"https:\/\/vr3d.cz\/en\/blog\/clanky\/digitalizace-kulturniho-dedictvi\/\" aria-label=\"Read more about Digitalizace kulturn\u00edho d\u011bdictv\u00ed\" tabindex=\"-1\">\n\t\t\tRead more \u00bb\t\t<\/a>\n\n\t\t\t\t<\/div>\n\t\t\t\t<\/article>\n\t\t\t\t<\/div>\n\t\t\t\t\t<span class=\"e-load-more-spinner\">\n\t\t\t\t<i aria-hidden=\"true\" class=\"fas fa-spinner\"><\/i>\t\t\t<\/span>\n\t\t\n\t\t\t\t\t\t<\/div>\n\t\t\t\t<\/div>\n\t\t\t\t\t<\/div>\n\t\t<\/div>\n\t\t\t\t\t<\/div>\n\t\t<\/section>\n\t\t\t\t<\/div>","protected":false},"excerpt":{"rendered":"<p>Blog<\/p>","protected":false},"author":1,"featured_media":0,"parent":0,"menu_order":0,"comment_status":"closed","ping_status":"closed","template":"","meta":{"footnotes":""},"class_list":["post-132094","page","type-page","status-publish","hentry"],"_links":{"self":[{"href":"https:\/\/vr3d.cz\/en\/wp-json\/wp\/v2\/pages\/132094","targetHints":{"allow":["GET"]}}],"collection":[{"href":"https:\/\/vr3d.cz\/en\/wp-json\/wp\/v2\/pages"}],"about":[{"href":"https:\/\/vr3d.cz\/en\/wp-json\/wp\/v2\/types\/page"}],"author":[{"embeddable":true,"href":"https:\/\/vr3d.cz\/en\/wp-json\/wp\/v2\/users\/1"}],"replies":[{"embeddable":true,"href":"https:\/\/vr3d.cz\/en\/wp-json\/wp\/v2\/comments?post=132094"}],"version-history":[{"count":7,"href":"https:\/\/vr3d.cz\/en\/wp-json\/wp\/v2\/pages\/132094\/revisions"}],"predecessor-version":[{"id":132436,"href":"https:\/\/vr3d.cz\/en\/wp-json\/wp\/v2\/pages\/132094\/revisions\/132436"}],"wp:attachment":[{"href":"https:\/\/vr3d.cz\/en\/wp-json\/wp\/v2\/media?parent=132094"}],"curies":[{"name":"wp","href":"https:\/\/api.w.org\/{rel}","templated":true}]}}